{"id":28,"date":"2022-10-14T11:23:44","date_gmt":"2022-10-14T11:23:44","guid":{"rendered":"https:\/\/majurigroup.fi\/?page_id=28"},"modified":"2026-01-06T21:02:56","modified_gmt":"2026-01-06T21:02:56","slug":"lvi-palvelut","status":"publish","type":"page","link":"https:\/\/majurigroup.fi\/index.php\/lvi-palvelut\/","title":{"rendered":"LVI-PALVELUT"},"content":{"rendered":"\t\t<div data-elementor-type=\"wp-page\" data-elementor-id=\"28\" class=\"elementor elementor-28\" data-elementor-post-type=\"page\">\n\t\t\t\t\t\t<section class=\"elementor-section elementor-top-section elementor-element elementor-element-49f2f8d elementor-section-boxed elementor-section-height-default elementor-section-height-default\" data-id=\"49f2f8d\" data-element_type=\"section\">\n\t\t\t\t\t\t<div class=\"elementor-container elementor-column-gap-default\">\n\t\t\t\t\t<div class=\"elementor-column elementor-col-100 elementor-top-column elementor-element elementor-element-bbd55e2\" data-id=\"bbd55e2\" data-element_type=\"column\">\n\t\t\t<div class=\"elementor-widget-wrap elementor-element-populated\">\n\t\t\t\t\t\t<div class=\"elementor-element elementor-element-7cf3cfc elementor-widget elementor-widget-spacer\" data-id=\"7cf3cfc\" data-element_type=\"widget\" data-widget_type=\"spacer.default\">\n\t\t\t\t<div class=\"elementor-widget-container\">\n\t\t\t\t\t\t\t<div class=\"elementor-spacer\">\n\t\t\t<div class=\"elementor-spacer-inner\"><\/div>\n\t\t<\/div>\n\t\t\t\t\t\t<\/div>\n\t\t\t\t<\/div>\n\t\t\t\t\t<\/div>\n\t\t<\/div>\n\t\t\t\t\t<\/div>\n\t\t<\/section>\n\t\t\t\t<section class=\"elementor-section elementor-top-section elementor-element elementor-element-de3d7ff elementor-section-boxed elementor-section-height-default elementor-section-height-default\" data-id=\"de3d7ff\" data-element_type=\"section\">\n\t\t\t\t\t\t<div class=\"elementor-container elementor-column-gap-default\">\n\t\t\t\t\t<div class=\"elementor-column elementor-col-100 elementor-top-column elementor-element elementor-element-3908797\" data-id=\"3908797\" data-element_type=\"column\">\n\t\t\t<div class=\"elementor-widget-wrap elementor-element-populated\">\n\t\t\t\t\t\t<div class=\"elementor-element elementor-element-7513da4 elementor-widget elementor-widget-heading\" data-id=\"7513da4\" data-element_type=\"widget\" data-widget_type=\"heading.default\">\n\t\t\t\t<div class=\"elementor-widget-container\">\n\t\t\t\t\t<h2 class=\"elementor-heading-title elementor-size-default\">LVI-PALVELUT<\/h2>\t\t\t\t<\/div>\n\t\t\t\t<\/div>\n\t\t\t\t<div class=\"elementor-element elementor-element-e67f513 elementor-widget elementor-widget-text-editor\" data-id=\"e67f513\" data-element_type=\"widget\" data-widget_type=\"text-editor.default\">\n\t\t\t\t<div class=\"elementor-widget-container\">\n\t\t\t\t\t\t\t\t\t<p>Yrityksemme LVI-palvelu tekee niin pienet huoltoty\u00f6t kuin kokonaisvaltaiset urakatkin vankalla ammattitaidolla. Asiakkaitamme ovat kotitaloudet, taloyhti\u00f6t ja yritykset. Teemme LVI-asennukset avaimet k\u00e4teen \u2013 periaatteella. LVI-palvelumme ovat keskittyneet Pirkanmaan ja l\u00e4himaakuntien alueelle.<\/p>\t\t\t\t\t\t\t\t<\/div>\n\t\t\t\t<\/div>\n\t\t\t\t\t<\/div>\n\t\t<\/div>\n\t\t\t\t\t<\/div>\n\t\t<\/section>\n\t\t\t\t<section class=\"elementor-section elementor-top-section elementor-element elementor-element-b167ffe elementor-section-content-middle elementor-section-boxed elementor-section-height-default elementor-section-height-default\" data-id=\"b167ffe\" data-element_type=\"section\">\n\t\t\t\t\t\t<div class=\"elementor-container elementor-column-gap-default\">\n\t\t\t\t\t<div class=\"elementor-column elementor-col-100 elementor-top-column elementor-element elementor-element-bbcce54\" data-id=\"bbcce54\" data-element_type=\"column\">\n\t\t\t<div class=\"elementor-widget-wrap elementor-element-populated\">\n\t\t\t\t\t\t<div class=\"elementor-element elementor-element-4e31fb8 elementor-widget elementor-widget-heading\" data-id=\"4e31fb8\" data-element_type=\"widget\" data-widget_type=\"heading.default\">\n\t\t\t\t<div class=\"elementor-widget-container\">\n\t\t\t\t\t<h2 class=\"elementor-heading-title elementor-size-default\">Palveluihin kuuluu:<\/h2>\t\t\t\t<\/div>\n\t\t\t\t<\/div>\n\t\t\t\t<div class=\"elementor-element elementor-element-9c8eeec elementor-icon-list--layout-traditional elementor-list-item-link-full_width elementor-widget elementor-widget-icon-list\" data-id=\"9c8eeec\" data-element_type=\"widget\" data-widget_type=\"icon-list.default\">\n\t\t\t\t<div class=\"elementor-widget-container\">\n\t\t\t\t\t\t\t<ul class=\"elementor-icon-list-items\">\n\t\t\t\t\t\t\t<li class=\"elementor-icon-list-item\">\n\t\t\t\t\t\t\t\t\t\t\t<span class=\"elementor-icon-list-icon\">\n\t\t\t\t\t\t\t<i aria-hidden=\"true\" class=\"teenyicon ti-right-circle\"><\/i>\t\t\t\t\t\t<\/span>\n\t\t\t\t\t\t\t\t\t\t<span class=\"elementor-icon-list-text\">K\u00e4ytt\u00f6vesij\u00e4rjestelm\u00e4t<\/span>\n\t\t\t\t\t\t\t\t\t<\/li>\n\t\t\t\t\t\t\t\t<li class=\"elementor-icon-list-item\">\n\t\t\t\t\t\t\t\t\t\t\t<span class=\"elementor-icon-list-icon\">\n\t\t\t\t\t\t\t<i aria-hidden=\"true\" class=\"teenyicon ti-right-circle\"><\/i>\t\t\t\t\t\t<\/span>\n\t\t\t\t\t\t\t\t\t\t<span class=\"elementor-icon-list-text\">L\u00e4mmitys- ja viilennysj\u00e4rjestelm\u00e4t<\/span>\n\t\t\t\t\t\t\t\t\t<\/li>\n\t\t\t\t\t\t\t\t<li class=\"elementor-icon-list-item\">\n\t\t\t\t\t\t\t\t\t\t\t<span class=\"elementor-icon-list-icon\">\n\t\t\t\t\t\t\t<i aria-hidden=\"true\" class=\"teenyicon ti-right-circle\"><\/i>\t\t\t\t\t\t<\/span>\n\t\t\t\t\t\t\t\t\t\t<span class=\"elementor-icon-list-text\">Ilmanvaihtoj\u00e4rjestelm\u00e4t<\/span>\n\t\t\t\t\t\t\t\t\t<\/li>\n\t\t\t\t\t\t\t\t<li class=\"elementor-icon-list-item\">\n\t\t\t\t\t\t\t\t\t\t\t<span class=\"elementor-icon-list-icon\">\n\t\t\t\t\t\t\t<i aria-hidden=\"true\" class=\"teenyicon ti-right-circle\"><\/i>\t\t\t\t\t\t<\/span>\n\t\t\t\t\t\t\t\t\t\t<span class=\"elementor-icon-list-text\">L\u00e4mp\u00f6pumput<\/span>\n\t\t\t\t\t\t\t\t\t<\/li>\n\t\t\t\t\t\t\t\t<li class=\"elementor-icon-list-item\">\n\t\t\t\t\t\t\t\t\t\t\t<span class=\"elementor-icon-list-icon\">\n\t\t\t\t\t\t\t<i aria-hidden=\"true\" class=\"teenyicon ti-right-circle\"><\/i>\t\t\t\t\t\t<\/span>\n\t\t\t\t\t\t\t\t\t\t<span class=\"elementor-icon-list-text\">Kylm\u00e4laitteet<\/span>\n\t\t\t\t\t\t\t\t\t<\/li>\n\t\t\t\t\t\t\t\t<li class=\"elementor-icon-list-item\">\n\t\t\t\t\t\t\t\t\t\t\t<span class=\"elementor-icon-list-icon\">\n\t\t\t\t\t\t\t<i aria-hidden=\"true\" class=\"teenyicon ti-right-circle\"><\/i>\t\t\t\t\t\t<\/span>\n\t\t\t\t\t\t\t\t\t\t<span class=\"elementor-icon-list-text\">Huolto ja kunnossapito<\/span>\n\t\t\t\t\t\t\t\t\t<\/li>\n\t\t\t\t\t\t\t\t<li class=\"elementor-icon-list-item\">\n\t\t\t\t\t\t\t\t\t\t\t<span class=\"elementor-icon-list-icon\">\n\t\t\t\t\t\t\t<i aria-hidden=\"true\" class=\"teenyicon ti-right-circle\"><\/i>\t\t\t\t\t\t<\/span>\n\t\t\t\t\t\t\t\t\t\t<span class=\"elementor-icon-list-text\">LVI-suunnittelu, lupakuvat<\/span>\n\t\t\t\t\t\t\t\t\t<\/li>\n\t\t\t\t\t\t\t\t<li class=\"elementor-icon-list-item\">\n\t\t\t\t\t\t\t\t\t\t\t<span class=\"elementor-icon-list-icon\">\n\t\t\t\t\t\t\t<i aria-hidden=\"true\" class=\"teenyicon ti-right-circle\"><\/i>\t\t\t\t\t\t<\/span>\n\t\t\t\t\t\t\t\t\t\t<span class=\"elementor-icon-list-text\">J\u00e4tevesisuunnitelmat<\/span>\n\t\t\t\t\t\t\t\t\t<\/li>\n\t\t\t\t\t\t<\/ul>\n\t\t\t\t\t\t<\/div>\n\t\t\t\t<\/div>\n\t\t\t\t\t<\/div>\n\t\t<\/div>\n\t\t\t\t\t<\/div>\n\t\t<\/section>\n\t\t\t\t<section class=\"elementor-section elementor-top-section elementor-element elementor-element-a777870 elementor-section-boxed elementor-section-height-default elementor-section-height-default\" data-id=\"a777870\" data-element_type=\"section\">\n\t\t\t\t\t\t<div class=\"elementor-container elementor-column-gap-default\">\n\t\t\t\t\t<div class=\"elementor-column elementor-col-100 elementor-top-column elementor-element elementor-element-60d3654\" data-id=\"60d3654\" data-element_type=\"column\">\n\t\t\t<div class=\"elementor-widget-wrap elementor-element-populated\">\n\t\t\t\t\t\t<div class=\"elementor-element elementor-element-7e4d6a6 elementor-widget elementor-widget-spacer\" data-id=\"7e4d6a6\" data-element_type=\"widget\" data-widget_type=\"spacer.default\">\n\t\t\t\t<div class=\"elementor-widget-container\">\n\t\t\t\t\t\t\t<div class=\"elementor-spacer\">\n\t\t\t<div class=\"elementor-spacer-inner\"><\/div>\n\t\t<\/div>\n\t\t\t\t\t\t<\/div>\n\t\t\t\t<\/div>\n\t\t\t\t\t<\/div>\n\t\t<\/div>\n\t\t\t\t\t<\/div>\n\t\t<\/section>\n\t\t\t\t<\/div>\n\t\t","protected":false},"excerpt":{"rendered":"<p>LVI-PALVELUT Yrityksemme LVI-palvelu tekee niin pienet huoltoty\u00f6t kuin kokonaisvaltaiset urakatkin vankalla ammattitaidolla. Asiakkaitamme ovat kotitaloudet, taloyhti\u00f6t ja yritykset. Teemme LVI-asennukset avaimet k\u00e4teen \u2013 periaatteella. LVI-palvelumme ovat keskittyneet Pirkanmaan ja l\u00e4himaakuntien alueelle. Palveluihin kuuluu: K\u00e4ytt\u00f6vesij\u00e4rjestelm\u00e4t L\u00e4mmitys- ja viilennysj\u00e4rjestelm\u00e4t Ilmanvaihtoj\u00e4rjestelm\u00e4t L\u00e4mp\u00f6pumput Kylm\u00e4laitteet Huolto ja kunnossapito LVI-suunnittelu, lupakuvat J\u00e4tevesisuunnitelmat<\/p>\n","protected":false},"author":1,"featured_media":0,"parent":0,"menu_order":0,"comment_status":"closed","ping_status":"closed","template":"page-templates\/template-pagebuilder-full-width.php","meta":{"neve_meta_sidebar":"","neve_meta_container":"","neve_meta_enable_content_width":"off","neve_meta_content_width":100,"neve_meta_title_alignment":"","neve_meta_author_avatar":"","neve_post_elements_order":"","neve_meta_disable_header":"","neve_meta_disable_footer":"","neve_meta_disable_title":"","footnotes":""},"class_list":["post-28","page","type-page","status-publish","hentry"],"yoast_head":"<!-- This site is optimized with the Yoast SEO plugin v26.6 - https:\/\/yoast.com\/wordpress\/plugins\/seo\/ -->\n<title>LVI-PALVELUT - Majuri Group Oy<\/title>\n<meta name=\"robots\" content=\"index, follow, max-snippet:-1, max-image-preview:large, max-video-preview:-1\" \/>\n<link rel=\"canonical\" href=\"https:\/\/majurigroup.fi\/index.php\/lvi-palvelut\/\" \/>\n<meta property=\"og:locale\" content=\"fi_FI\" \/>\n<meta property=\"og:type\" content=\"article\" \/>\n<meta property=\"og:title\" content=\"LVI-PALVELUT - Majuri Group Oy\" \/>\n<meta property=\"og:description\" content=\"LVI-PALVELUT Yrityksemme LVI-palvelu tekee niin pienet huoltoty\u00f6t kuin kokonaisvaltaiset urakatkin vankalla ammattitaidolla. Asiakkaitamme ovat kotitaloudet, taloyhti\u00f6t ja yritykset. Teemme LVI-asennukset avaimet k\u00e4teen \u2013 periaatteella. LVI-palvelumme ovat keskittyneet Pirkanmaan ja l\u00e4himaakuntien alueelle. Palveluihin kuuluu: K\u00e4ytt\u00f6vesij\u00e4rjestelm\u00e4t L\u00e4mmitys- ja viilennysj\u00e4rjestelm\u00e4t Ilmanvaihtoj\u00e4rjestelm\u00e4t L\u00e4mp\u00f6pumput Kylm\u00e4laitteet Huolto ja kunnossapito LVI-suunnittelu, lupakuvat J\u00e4tevesisuunnitelmat\" \/>\n<meta property=\"og:url\" content=\"https:\/\/majurigroup.fi\/index.php\/lvi-palvelut\/\" \/>\n<meta property=\"og:site_name\" content=\"Majuri Group Oy\" \/>\n<meta property=\"article:modified_time\" content=\"2026-01-06T21:02:56+00:00\" \/>\n<meta name=\"twitter:card\" content=\"summary_large_image\" \/>\n<meta name=\"twitter:label1\" content=\"Arvioitu lukuaika\" \/>\n\t<meta name=\"twitter:data1\" content=\"1 minuutti\" \/>\n<script type=\"application\/ld+json\" class=\"yoast-schema-graph\">{\"@context\":\"https:\/\/schema.org\",\"@graph\":[{\"@type\":\"WebPage\",\"@id\":\"https:\/\/majurigroup.fi\/index.php\/lvi-palvelut\/\",\"url\":\"https:\/\/majurigroup.fi\/index.php\/lvi-palvelut\/\",\"name\":\"LVI-PALVELUT - Majuri Group Oy\",\"isPartOf\":{\"@id\":\"https:\/\/majurigroup.fi\/#website\"},\"datePublished\":\"2022-10-14T11:23:44+00:00\",\"dateModified\":\"2026-01-06T21:02:56+00:00\",\"breadcrumb\":{\"@id\":\"https:\/\/majurigroup.fi\/index.php\/lvi-palvelut\/#breadcrumb\"},\"inLanguage\":\"fi\",\"potentialAction\":[{\"@type\":\"ReadAction\",\"target\":[\"https:\/\/majurigroup.fi\/index.php\/lvi-palvelut\/\"]}]},{\"@type\":\"BreadcrumbList\",\"@id\":\"https:\/\/majurigroup.fi\/index.php\/lvi-palvelut\/#breadcrumb\",\"itemListElement\":[{\"@type\":\"ListItem\",\"position\":1,\"name\":\"Etusivu\",\"item\":\"https:\/\/majurigroup.fi\/\"},{\"@type\":\"ListItem\",\"position\":2,\"name\":\"LVI-PALVELUT\"}]},{\"@type\":\"WebSite\",\"@id\":\"https:\/\/majurigroup.fi\/#website\",\"url\":\"https:\/\/majurigroup.fi\/\",\"name\":\"Majuri Group Oy\",\"description\":\"P\u00f6lyn- ja purunpoistoj\u00e4rjestelm\u00e4t, teollisuuden keskusimurij\u00e4rjestelm\u00e4t sek\u00e4 erilaiset materiaalinsiirtoj\u00e4rjestelm\u00e4t teollisuuteen.\",\"publisher\":{\"@id\":\"https:\/\/majurigroup.fi\/#organization\"},\"potentialAction\":[{\"@type\":\"SearchAction\",\"target\":{\"@type\":\"EntryPoint\",\"urlTemplate\":\"https:\/\/majurigroup.fi\/?s={search_term_string}\"},\"query-input\":{\"@type\":\"PropertyValueSpecification\",\"valueRequired\":true,\"valueName\":\"search_term_string\"}}],\"inLanguage\":\"fi\"},{\"@type\":\"Organization\",\"@id\":\"https:\/\/majurigroup.fi\/#organization\",\"name\":\"Majuri Group Oy\",\"url\":\"https:\/\/majurigroup.fi\/\",\"logo\":{\"@type\":\"ImageObject\",\"inLanguage\":\"fi\",\"@id\":\"https:\/\/majurigroup.fi\/#\/schema\/logo\/image\/\",\"url\":\"https:\/\/majurigroup.fi\/wp-content\/uploads\/2026\/01\/logo.jpg\",\"contentUrl\":\"https:\/\/majurigroup.fi\/wp-content\/uploads\/2026\/01\/logo.jpg\",\"width\":2275,\"height\":940,\"caption\":\"Majuri Group Oy\"},\"image\":{\"@id\":\"https:\/\/majurigroup.fi\/#\/schema\/logo\/image\/\"},\"sameAs\":[\"https:\/\/www.linkedin.com\/company\/110235069\"]}]}<\/script>\n<!-- \/ Yoast SEO plugin. -->","yoast_head_json":{"title":"LVI-PALVELUT - Majuri Group Oy","robots":{"index":"index","follow":"follow","max-snippet":"max-snippet:-1","max-image-preview":"max-image-preview:large","max-video-preview":"max-video-preview:-1"},"canonical":"https:\/\/majurigroup.fi\/index.php\/lvi-palvelut\/","og_locale":"fi_FI","og_type":"article","og_title":"LVI-PALVELUT - Majuri Group Oy","og_description":"LVI-PALVELUT Yrityksemme LVI-palvelu tekee niin pienet huoltoty\u00f6t kuin kokonaisvaltaiset urakatkin vankalla ammattitaidolla. Asiakkaitamme ovat kotitaloudet, taloyhti\u00f6t ja yritykset. Teemme LVI-asennukset avaimet k\u00e4teen \u2013 periaatteella. LVI-palvelumme ovat keskittyneet Pirkanmaan ja l\u00e4himaakuntien alueelle. Palveluihin kuuluu: K\u00e4ytt\u00f6vesij\u00e4rjestelm\u00e4t L\u00e4mmitys- ja viilennysj\u00e4rjestelm\u00e4t Ilmanvaihtoj\u00e4rjestelm\u00e4t L\u00e4mp\u00f6pumput Kylm\u00e4laitteet Huolto ja kunnossapito LVI-suunnittelu, lupakuvat J\u00e4tevesisuunnitelmat","og_url":"https:\/\/majurigroup.fi\/index.php\/lvi-palvelut\/","og_site_name":"Majuri Group Oy","article_modified_time":"2026-01-06T21:02:56+00:00","twitter_card":"summary_large_image","twitter_misc":{"Arvioitu lukuaika":"1 minuutti"},"schema":{"@context":"https:\/\/schema.org","@graph":[{"@type":"WebPage","@id":"https:\/\/majurigroup.fi\/index.php\/lvi-palvelut\/","url":"https:\/\/majurigroup.fi\/index.php\/lvi-palvelut\/","name":"LVI-PALVELUT - Majuri Group Oy","isPartOf":{"@id":"https:\/\/majurigroup.fi\/#website"},"datePublished":"2022-10-14T11:23:44+00:00","dateModified":"2026-01-06T21:02:56+00:00","breadcrumb":{"@id":"https:\/\/majurigroup.fi\/index.php\/lvi-palvelut\/#breadcrumb"},"inLanguage":"fi","potentialAction":[{"@type":"ReadAction","target":["https:\/\/majurigroup.fi\/index.php\/lvi-palvelut\/"]}]},{"@type":"BreadcrumbList","@id":"https:\/\/majurigroup.fi\/index.php\/lvi-palvelut\/#breadcrumb","itemListElement":[{"@type":"ListItem","position":1,"name":"Etusivu","item":"https:\/\/majurigroup.fi\/"},{"@type":"ListItem","position":2,"name":"LVI-PALVELUT"}]},{"@type":"WebSite","@id":"https:\/\/majurigroup.fi\/#website","url":"https:\/\/majurigroup.fi\/","name":"Majuri Group Oy","description":"P\u00f6lyn- ja purunpoistoj\u00e4rjestelm\u00e4t, teollisuuden keskusimurij\u00e4rjestelm\u00e4t sek\u00e4 erilaiset materiaalinsiirtoj\u00e4rjestelm\u00e4t teollisuuteen.","publisher":{"@id":"https:\/\/majurigroup.fi\/#organization"},"potentialAction":[{"@type":"SearchAction","target":{"@type":"EntryPoint","urlTemplate":"https:\/\/majurigroup.fi\/?s={search_term_string}"},"query-input":{"@type":"PropertyValueSpecification","valueRequired":true,"valueName":"search_term_string"}}],"inLanguage":"fi"},{"@type":"Organization","@id":"https:\/\/majurigroup.fi\/#organization","name":"Majuri Group Oy","url":"https:\/\/majurigroup.fi\/","logo":{"@type":"ImageObject","inLanguage":"fi","@id":"https:\/\/majurigroup.fi\/#\/schema\/logo\/image\/","url":"https:\/\/majurigroup.fi\/wp-content\/uploads\/2026\/01\/logo.jpg","contentUrl":"https:\/\/majurigroup.fi\/wp-content\/uploads\/2026\/01\/logo.jpg","width":2275,"height":940,"caption":"Majuri Group Oy"},"image":{"@id":"https:\/\/majurigroup.fi\/#\/schema\/logo\/image\/"},"sameAs":["https:\/\/www.linkedin.com\/company\/110235069"]}]}},"_links":{"self":[{"href":"https:\/\/majurigroup.fi\/index.php\/wp-json\/wp\/v2\/pages\/28","targetHints":{"allow":["GET"]}}],"collection":[{"href":"https:\/\/majurigroup.fi\/index.php\/wp-json\/wp\/v2\/pages"}],"about":[{"href":"https:\/\/majurigroup.fi\/index.php\/wp-json\/wp\/v2\/types\/page"}],"author":[{"embeddable":true,"href":"https:\/\/majurigroup.fi\/index.php\/wp-json\/wp\/v2\/users\/1"}],"replies":[{"embeddable":true,"href":"https:\/\/majurigroup.fi\/index.php\/wp-json\/wp\/v2\/comments?post=28"}],"version-history":[{"count":73,"href":"https:\/\/majurigroup.fi\/index.php\/wp-json\/wp\/v2\/pages\/28\/revisions"}],"predecessor-version":[{"id":757,"href":"https:\/\/majurigroup.fi\/index.php\/wp-json\/wp\/v2\/pages\/28\/revisions\/757"}],"wp:attachment":[{"href":"https:\/\/majurigroup.fi\/index.php\/wp-json\/wp\/v2\/media?parent=28"}],"curies":[{"name":"wp","href":"https:\/\/api.w.org\/{rel}","templated":true}]}}