{"id":584,"date":"2025-12-18T19:25:54","date_gmt":"2025-12-18T19:25:54","guid":{"rendered":"https:\/\/majurigroup.fi\/?page_id=584"},"modified":"2026-01-06T20:54:51","modified_gmt":"2026-01-06T20:54:51","slug":"teollisuuden-keskusimurijarjestelmat","status":"publish","type":"page","link":"https:\/\/majurigroup.fi\/index.php\/teollisuuden-keskusimurijarjestelmat\/","title":{"rendered":"TEOLLISUUDEN KESKUSIMURIJ\u00c4RJESTELM\u00c4T"},"content":{"rendered":"\t\t<div data-elementor-type=\"wp-page\" data-elementor-id=\"584\" class=\"elementor elementor-584\" data-elementor-post-type=\"page\">\n\t\t\t\t\t\t<section class=\"elementor-section elementor-top-section elementor-element elementor-element-469f616 elementor-section-boxed elementor-section-height-default elementor-section-height-default\" data-id=\"469f616\" data-element_type=\"section\">\n\t\t\t\t\t\t<div class=\"elementor-container elementor-column-gap-default\">\n\t\t\t\t\t<div class=\"elementor-column elementor-col-100 elementor-top-column elementor-element elementor-element-ee91ddb\" data-id=\"ee91ddb\" data-element_type=\"column\">\n\t\t\t<div class=\"elementor-widget-wrap elementor-element-populated\">\n\t\t\t\t\t\t<div class=\"elementor-element elementor-element-b7a8e71 elementor-widget elementor-widget-spacer\" data-id=\"b7a8e71\" data-element_type=\"widget\" data-widget_type=\"spacer.default\">\n\t\t\t\t<div class=\"elementor-widget-container\">\n\t\t\t\t\t\t\t<div class=\"elementor-spacer\">\n\t\t\t<div class=\"elementor-spacer-inner\"><\/div>\n\t\t<\/div>\n\t\t\t\t\t\t<\/div>\n\t\t\t\t<\/div>\n\t\t\t\t\t<\/div>\n\t\t<\/div>\n\t\t\t\t\t<\/div>\n\t\t<\/section>\n\t\t\t\t<section class=\"elementor-section elementor-top-section elementor-element elementor-element-6750667 elementor-section-boxed elementor-section-height-default elementor-section-height-default\" data-id=\"6750667\" data-element_type=\"section\">\n\t\t\t\t\t\t<div class=\"elementor-container elementor-column-gap-default\">\n\t\t\t\t\t<div class=\"elementor-column elementor-col-100 elementor-top-column elementor-element elementor-element-06ab45c\" data-id=\"06ab45c\" data-element_type=\"column\">\n\t\t\t<div class=\"elementor-widget-wrap elementor-element-populated\">\n\t\t\t\t\t\t<div class=\"elementor-element elementor-element-ffe4a9b elementor-widget elementor-widget-heading\" data-id=\"ffe4a9b\" data-element_type=\"widget\" data-widget_type=\"heading.default\">\n\t\t\t\t<div class=\"elementor-widget-container\">\n\t\t\t\t\t<h2 class=\"elementor-heading-title elementor-size-default\">Teollisuuden keskusimurij\u00e4rjestelm\u00e4t<\/h2>\t\t\t\t<\/div>\n\t\t\t\t<\/div>\n\t\t\t\t<div class=\"elementor-element elementor-element-b960b75 elementor-widget elementor-widget-text-editor\" data-id=\"b960b75\" data-element_type=\"widget\" data-widget_type=\"text-editor.default\">\n\t\t\t\t<div class=\"elementor-widget-container\">\n\t\t\t\t\t\t\t\t\t<p class=\"MsoNormal\">\u00a0J\u00e4rjestelm\u00e4t valmistetaan teholuokassa 7,5\u201375 kW ja ne tuottavat alipainetta aina 500 mbar asti. Kest\u00e4v\u00e4 rakenne ja teollisuusluokan komponentit varmistavat j\u00e4rjestelm\u00e4n jatkuvan k\u00e4ytett\u00e4vyyden ja pitk\u00e4n elinkaaren. Tyypillisi\u00e4 k\u00e4ytt\u00f6kohteita ovat voimalaitokset, sellu- ja paperitehtaat sek\u00e4 muut teollisuuden tuotantolaitokset.<\/p>\t\t\t\t\t\t\t\t<\/div>\n\t\t\t\t<\/div>\n\t\t\t\t\t<\/div>\n\t\t<\/div>\n\t\t\t\t\t<\/div>\n\t\t<\/section>\n\t\t\t\t<section class=\"elementor-section elementor-top-section elementor-element elementor-element-331f2bc elementor-section-boxed elementor-section-height-default elementor-section-height-default\" data-id=\"331f2bc\" data-element_type=\"section\">\n\t\t\t\t\t\t<div class=\"elementor-container elementor-column-gap-default\">\n\t\t\t\t\t<div class=\"elementor-column elementor-col-100 elementor-top-column elementor-element elementor-element-eb0d52a\" data-id=\"eb0d52a\" data-element_type=\"column\">\n\t\t\t<div class=\"elementor-widget-wrap\">\n\t\t\t\t\t\t\t<\/div>\n\t\t<\/div>\n\t\t\t\t\t<\/div>\n\t\t<\/section>\n\t\t\t\t<section class=\"elementor-section elementor-top-section elementor-element elementor-element-60a09bd elementor-section-boxed elementor-section-height-default elementor-section-height-default\" data-id=\"60a09bd\" data-element_type=\"section\">\n\t\t\t\t\t\t<div class=\"elementor-container elementor-column-gap-default\">\n\t\t\t\t\t<div class=\"elementor-column elementor-col-50 elementor-top-column elementor-element elementor-element-2f71681\" data-id=\"2f71681\" data-element_type=\"column\">\n\t\t\t<div class=\"elementor-widget-wrap elementor-element-populated\">\n\t\t\t\t\t\t<div class=\"elementor-element elementor-element-83f7527 elementor-widget elementor-widget-image\" data-id=\"83f7527\" data-element_type=\"widget\" data-widget_type=\"image.default\">\n\t\t\t\t<div class=\"elementor-widget-container\">\n\t\t\t\t\t\t\t\t\t\t\t\t<figure class=\"wp-caption\">\n\t\t\t\t\t\t\t\t\t\t<img fetchpriority=\"high\" decoding=\"async\" width=\"1024\" height=\"768\" src=\"https:\/\/majurigroup.fi\/wp-content\/uploads\/2025\/12\/Keskusimurijarjestelma-1024x768.jpg\" class=\"attachment-large size-large wp-image-588\" alt=\"\" srcset=\"https:\/\/majurigroup.fi\/wp-content\/uploads\/2025\/12\/Keskusimurijarjestelma-1024x768.jpg 1024w, https:\/\/majurigroup.fi\/wp-content\/uploads\/2025\/12\/Keskusimurijarjestelma-300x225.jpg 300w, https:\/\/majurigroup.fi\/wp-content\/uploads\/2025\/12\/Keskusimurijarjestelma-768x576.jpg 768w, https:\/\/majurigroup.fi\/wp-content\/uploads\/2025\/12\/Keskusimurijarjestelma-1536x1152.jpg 1536w, https:\/\/majurigroup.fi\/wp-content\/uploads\/2025\/12\/Keskusimurijarjestelma.jpg 1600w\" sizes=\"(max-width: 1024px) 100vw, 1024px\" \/>\t\t\t\t\t\t\t\t\t\t\t<figcaption class=\"widget-image-caption wp-caption-text\"><\/figcaption>\n\t\t\t\t\t\t\t\t\t\t<\/figure>\n\t\t\t\t\t\t\t\t\t<\/div>\n\t\t\t\t<\/div>\n\t\t\t\t\t<\/div>\n\t\t<\/div>\n\t\t\t\t<div class=\"elementor-column elementor-col-50 elementor-top-column elementor-element elementor-element-67b2fd3\" data-id=\"67b2fd3\" data-element_type=\"column\">\n\t\t\t<div class=\"elementor-widget-wrap elementor-element-populated\">\n\t\t\t\t\t\t<div class=\"elementor-element elementor-element-ad93280 elementor-widget elementor-widget-image\" data-id=\"ad93280\" data-element_type=\"widget\" data-widget_type=\"image.default\">\n\t\t\t\t<div class=\"elementor-widget-container\">\n\t\t\t\t\t\t\t\t\t\t\t\t\t\t\t<img decoding=\"async\" width=\"1024\" height=\"768\" src=\"https:\/\/majurigroup.fi\/wp-content\/uploads\/2025\/12\/Keskusimurikontti-1024x768.jpg\" class=\"attachment-large size-large wp-image-589\" alt=\"\" srcset=\"https:\/\/majurigroup.fi\/wp-content\/uploads\/2025\/12\/Keskusimurikontti-1024x768.jpg 1024w, https:\/\/majurigroup.fi\/wp-content\/uploads\/2025\/12\/Keskusimurikontti-300x225.jpg 300w, https:\/\/majurigroup.fi\/wp-content\/uploads\/2025\/12\/Keskusimurikontti-768x576.jpg 768w, https:\/\/majurigroup.fi\/wp-content\/uploads\/2025\/12\/Keskusimurikontti-1536x1152.jpg 1536w, https:\/\/majurigroup.fi\/wp-content\/uploads\/2025\/12\/Keskusimurikontti.jpg 1600w\" sizes=\"(max-width: 1024px) 100vw, 1024px\" \/>\t\t\t\t\t\t\t\t\t\t\t\t\t\t\t<\/div>\n\t\t\t\t<\/div>\n\t\t\t\t\t<\/div>\n\t\t<\/div>\n\t\t\t\t\t<\/div>\n\t\t<\/section>\n\t\t\t\t<section class=\"elementor-section elementor-top-section elementor-element elementor-element-9ce7791 elementor-section-boxed elementor-section-height-default elementor-section-height-default\" data-id=\"9ce7791\" data-element_type=\"section\">\n\t\t\t\t\t\t<div class=\"elementor-container elementor-column-gap-default\">\n\t\t\t\t\t<div class=\"elementor-column elementor-col-50 elementor-top-column elementor-element elementor-element-1baa680\" data-id=\"1baa680\" data-element_type=\"column\">\n\t\t\t<div class=\"elementor-widget-wrap elementor-element-populated\">\n\t\t\t\t\t\t<div class=\"elementor-element elementor-element-89accb3 elementor-widget elementor-widget-text-editor\" data-id=\"89accb3\" data-element_type=\"widget\" data-widget_type=\"text-editor.default\">\n\t\t\t\t<div class=\"elementor-widget-container\">\n\t\t\t\t\t\t\t\t\t<p>Keskusimurij\u00e4rjestelm\u00e4t toimitetaan modulaarisina kokonaisuuksina, jotka suunnitellaan ja r\u00e4\u00e4t\u00e4l\u00f6id\u00e4\u00e4n asiakkaan prosessien sek\u00e4 kapasiteettivaatimusten mukaisesti. P\u00f6lys\u00e4ili\u00f6iden m\u00e4\u00e4r\u00e4 ja tilavuus mitoitetaan asiakkaan tarpeen mukaisesti. Suunnittelussa huomioidaan asiakkaan tilan asettavat vaatimukset, niin huollettavuuden kuin korroosio-olosuhteiden osalta<\/p>\t\t\t\t\t\t\t\t<\/div>\n\t\t\t\t<\/div>\n\t\t\t\t<div class=\"elementor-element elementor-element-2d0c27a elementor-widget elementor-widget-spacer\" data-id=\"2d0c27a\" data-element_type=\"widget\" data-widget_type=\"spacer.default\">\n\t\t\t\t<div class=\"elementor-widget-container\">\n\t\t\t\t\t\t\t<div class=\"elementor-spacer\">\n\t\t\t<div class=\"elementor-spacer-inner\"><\/div>\n\t\t<\/div>\n\t\t\t\t\t\t<\/div>\n\t\t\t\t<\/div>\n\t\t\t\t\t<\/div>\n\t\t<\/div>\n\t\t\t\t<div class=\"elementor-column elementor-col-50 elementor-top-column elementor-element elementor-element-3dd22ea\" data-id=\"3dd22ea\" data-element_type=\"column\">\n\t\t\t<div class=\"elementor-widget-wrap elementor-element-populated\">\n\t\t\t\t\t\t<div class=\"elementor-element elementor-element-864338b elementor-widget elementor-widget-text-editor\" data-id=\"864338b\" data-element_type=\"widget\" data-widget_type=\"text-editor.default\">\n\t\t\t\t<div class=\"elementor-widget-container\">\n\t\t\t\t\t\t\t\t\t<p>Keskusimurij\u00e4rjestelm\u00e4t ovat saatavilla my\u00f6s konttiratkaisuna, jolloin s\u00e4\u00e4stet\u00e4\u00e4n kalliita rakennusneli\u00f6it\u00e4. Kontti on helposti irtikytkett\u00e4viss\u00e4, ja siihen integroidut koukku- ja vaijeritartunnat mahdollistavat imuroidun materiaalin vaivattoman poiskuljetuksen. Konttiratkaisun etuna on my\u00f6s suuri p\u00f6lytilavuus.<\/p>\t\t\t\t\t\t\t\t<\/div>\n\t\t\t\t<\/div>\n\t\t\t\t<div class=\"elementor-element elementor-element-e321abf elementor-widget elementor-widget-spacer\" data-id=\"e321abf\" data-element_type=\"widget\" data-widget_type=\"spacer.default\">\n\t\t\t\t<div class=\"elementor-widget-container\">\n\t\t\t\t\t\t\t<div class=\"elementor-spacer\">\n\t\t\t<div class=\"elementor-spacer-inner\"><\/div>\n\t\t<\/div>\n\t\t\t\t\t\t<\/div>\n\t\t\t\t<\/div>\n\t\t\t\t\t<\/div>\n\t\t<\/div>\n\t\t\t\t\t<\/div>\n\t\t<\/section>\n\t\t\t\t<section class=\"elementor-section elementor-top-section elementor-element elementor-element-4b657bc elementor-section-boxed elementor-section-height-default elementor-section-height-default\" data-id=\"4b657bc\" data-element_type=\"section\">\n\t\t\t\t\t\t<div class=\"elementor-container elementor-column-gap-default\">\n\t\t\t\t\t<div class=\"elementor-column elementor-col-100 elementor-top-column elementor-element elementor-element-0995752\" data-id=\"0995752\" data-element_type=\"column\">\n\t\t\t<div class=\"elementor-widget-wrap\">\n\t\t\t\t\t\t\t<\/div>\n\t\t<\/div>\n\t\t\t\t\t<\/div>\n\t\t<\/section>\n\t\t\t\t<section class=\"elementor-section elementor-top-section elementor-element elementor-element-1d3526d elementor-section-boxed elementor-section-height-default elementor-section-height-default\" data-id=\"1d3526d\" data-element_type=\"section\">\n\t\t\t\t\t\t<div class=\"elementor-container elementor-column-gap-default\">\n\t\t\t\t\t<div class=\"elementor-column elementor-col-100 elementor-top-column elementor-element elementor-element-23482ec\" data-id=\"23482ec\" data-element_type=\"column\">\n\t\t\t<div class=\"elementor-widget-wrap\">\n\t\t\t\t\t\t\t<\/div>\n\t\t<\/div>\n\t\t\t\t\t<\/div>\n\t\t<\/section>\n\t\t\t\t<section class=\"elementor-section elementor-top-section elementor-element elementor-element-6a8f4b6 elementor-section-boxed elementor-section-height-default elementor-section-height-default\" data-id=\"6a8f4b6\" data-element_type=\"section\">\n\t\t\t\t\t\t<div class=\"elementor-container elementor-column-gap-default\">\n\t\t\t\t\t<div class=\"elementor-column elementor-col-100 elementor-top-column elementor-element elementor-element-49375ea\" data-id=\"49375ea\" data-element_type=\"column\">\n\t\t\t<div class=\"elementor-widget-wrap elementor-element-populated\">\n\t\t\t\t\t\t<div class=\"elementor-element elementor-element-dda4217 elementor-widget elementor-widget-spacer\" data-id=\"dda4217\" data-element_type=\"widget\" data-widget_type=\"spacer.default\">\n\t\t\t\t<div class=\"elementor-widget-container\">\n\t\t\t\t\t\t\t<div class=\"elementor-spacer\">\n\t\t\t<div class=\"elementor-spacer-inner\"><\/div>\n\t\t<\/div>\n\t\t\t\t\t\t<\/div>\n\t\t\t\t<\/div>\n\t\t\t\t\t<\/div>\n\t\t<\/div>\n\t\t\t\t\t<\/div>\n\t\t<\/section>\n\t\t\t\t<section class=\"elementor-section elementor-top-section elementor-element elementor-element-78eac94 elementor-section-boxed elementor-section-height-default elementor-section-height-default\" data-id=\"78eac94\" data-element_type=\"section\">\n\t\t\t\t\t\t<div class=\"elementor-container elementor-column-gap-default\">\n\t\t\t\t\t<div class=\"elementor-column elementor-col-100 elementor-top-column elementor-element elementor-element-f9e9627\" data-id=\"f9e9627\" data-element_type=\"column\">\n\t\t\t<div class=\"elementor-widget-wrap elementor-element-populated\">\n\t\t\t\t\t\t<div class=\"elementor-element elementor-element-dc76a28 elementor-widget elementor-widget-spacer\" data-id=\"dc76a28\" data-element_type=\"widget\" data-widget_type=\"spacer.default\">\n\t\t\t\t<div class=\"elementor-widget-container\">\n\t\t\t\t\t\t\t<div class=\"elementor-spacer\">\n\t\t\t<div class=\"elementor-spacer-inner\"><\/div>\n\t\t<\/div>\n\t\t\t\t\t\t<\/div>\n\t\t\t\t<\/div>\n\t\t\t\t\t<\/div>\n\t\t<\/div>\n\t\t\t\t\t<\/div>\n\t\t<\/section>\n\t\t\t\t<\/div>\n\t\t","protected":false},"excerpt":{"rendered":"<p>Teollisuuden keskusimurij\u00e4rjestelm\u00e4t \u00a0J\u00e4rjestelm\u00e4t valmistetaan teholuokassa 7,5\u201375 kW ja ne tuottavat alipainetta aina 500 mbar asti. Kest\u00e4v\u00e4 rakenne ja teollisuusluokan komponentit varmistavat j\u00e4rjestelm\u00e4n jatkuvan k\u00e4ytett\u00e4vyyden ja pitk\u00e4n elinkaaren. Tyypillisi\u00e4 k\u00e4ytt\u00f6kohteita ovat voimalaitokset, sellu- ja paperitehtaat sek\u00e4 muut teollisuuden tuotantolaitokset. Keskusimurij\u00e4rjestelm\u00e4t toimitetaan modulaarisina kokonaisuuksina, jotka suunnitellaan ja r\u00e4\u00e4t\u00e4l\u00f6id\u00e4\u00e4n asiakkaan prosessien sek\u00e4 kapasiteettivaatimusten mukaisesti. P\u00f6lys\u00e4ili\u00f6iden m\u00e4\u00e4r\u00e4 ja tilavuus&hellip;&nbsp;<a href=\"https:\/\/majurigroup.fi\/index.php\/teollisuuden-keskusimurijarjestelmat\/\" rel=\"bookmark\"><span class=\"screen-reader-text\">TEOLLISUUDEN KESKUSIMURIJ\u00c4RJESTELM\u00c4T<\/span><\/a><\/p>\n","protected":false},"author":2,"featured_media":0,"parent":0,"menu_order":0,"comment_status":"closed","ping_status":"closed","template":"page-templates\/template-pagebuilder-full-width.php","meta":{"neve_meta_sidebar":"","neve_meta_container":"","neve_meta_enable_content_width":"off","neve_meta_content_width":100,"neve_meta_title_alignment":"","neve_meta_author_avatar":"","neve_post_elements_order":"","neve_meta_disable_header":"","neve_meta_disable_footer":"","neve_meta_disable_title":"","footnotes":""},"class_list":["post-584","page","type-page","status-publish","hentry"],"yoast_head":"<!-- This site is optimized with the Yoast SEO plugin v26.6 - https:\/\/yoast.com\/wordpress\/plugins\/seo\/ -->\n<title>TEOLLISUUDEN KESKUSIMURIJ\u00c4RJESTELM\u00c4T - Majuri Group Oy<\/title>\n<meta name=\"description\" content=\"Teollisuuden keskusimurij\u00e4rjestelm\u00e4t modulaarisina kokonaisuuksina asiakkaiden prosessien ja kapasiteettivaatimuksien mukaisesti.\" \/>\n<meta name=\"robots\" content=\"index, follow, max-snippet:-1, max-image-preview:large, max-video-preview:-1\" \/>\n<link rel=\"canonical\" href=\"https:\/\/majurigroup.fi\/index.php\/teollisuuden-keskusimurijarjestelmat\/\" \/>\n<meta property=\"og:locale\" content=\"fi_FI\" \/>\n<meta property=\"og:type\" content=\"article\" \/>\n<meta property=\"og:title\" content=\"Teollisuuden keskusimurij\u00e4rjestelm\u00e4t\" \/>\n<meta property=\"og:description\" content=\"Teollisuuden keskusimurij\u00e4rjestelm\u00e4t modulaarisina kokonaisuuksina\" \/>\n<meta property=\"og:url\" content=\"https:\/\/majurigroup.fi\/index.php\/teollisuuden-keskusimurijarjestelmat\/\" \/>\n<meta property=\"og:site_name\" content=\"Majuri Group Oy\" \/>\n<meta property=\"article:modified_time\" content=\"2026-01-06T20:54:51+00:00\" \/>\n<meta property=\"og:image\" content=\"https:\/\/majurigroup.fi\/wp-content\/uploads\/2026\/01\/teollisuuden-keskusimurijarjestelmat.jpg\" \/>\n\t<meta property=\"og:image:width\" content=\"1200\" \/>\n\t<meta property=\"og:image:height\" content=\"628\" \/>\n\t<meta property=\"og:image:type\" content=\"image\/jpeg\" \/>\n<meta name=\"twitter:card\" content=\"summary_large_image\" \/>\n<meta name=\"twitter:label1\" content=\"Arvioitu lukuaika\" \/>\n\t<meta name=\"twitter:data1\" content=\"2 minuuttia\" \/>\n<script type=\"application\/ld+json\" class=\"yoast-schema-graph\">{\"@context\":\"https:\/\/schema.org\",\"@graph\":[{\"@type\":\"WebPage\",\"@id\":\"https:\/\/majurigroup.fi\/index.php\/teollisuuden-keskusimurijarjestelmat\/\",\"url\":\"https:\/\/majurigroup.fi\/index.php\/teollisuuden-keskusimurijarjestelmat\/\",\"name\":\"TEOLLISUUDEN KESKUSIMURIJ\u00c4RJESTELM\u00c4T - Majuri Group Oy\",\"isPartOf\":{\"@id\":\"https:\/\/majurigroup.fi\/#website\"},\"primaryImageOfPage\":{\"@id\":\"https:\/\/majurigroup.fi\/index.php\/teollisuuden-keskusimurijarjestelmat\/#primaryimage\"},\"image\":{\"@id\":\"https:\/\/majurigroup.fi\/index.php\/teollisuuden-keskusimurijarjestelmat\/#primaryimage\"},\"thumbnailUrl\":\"https:\/\/majurigroup.fi\/wp-content\/uploads\/2025\/12\/Keskusimurijarjestelma-1024x768.jpg\",\"datePublished\":\"2025-12-18T19:25:54+00:00\",\"dateModified\":\"2026-01-06T20:54:51+00:00\",\"description\":\"Teollisuuden keskusimurij\u00e4rjestelm\u00e4t modulaarisina kokonaisuuksina asiakkaiden prosessien ja kapasiteettivaatimuksien mukaisesti.\",\"breadcrumb\":{\"@id\":\"https:\/\/majurigroup.fi\/index.php\/teollisuuden-keskusimurijarjestelmat\/#breadcrumb\"},\"inLanguage\":\"fi\",\"potentialAction\":[{\"@type\":\"ReadAction\",\"target\":[\"https:\/\/majurigroup.fi\/index.php\/teollisuuden-keskusimurijarjestelmat\/\"]}]},{\"@type\":\"ImageObject\",\"inLanguage\":\"fi\",\"@id\":\"https:\/\/majurigroup.fi\/index.php\/teollisuuden-keskusimurijarjestelmat\/#primaryimage\",\"url\":\"https:\/\/majurigroup.fi\/wp-content\/uploads\/2025\/12\/Keskusimurijarjestelma.jpg\",\"contentUrl\":\"https:\/\/majurigroup.fi\/wp-content\/uploads\/2025\/12\/Keskusimurijarjestelma.jpg\",\"width\":1600,\"height\":1200},{\"@type\":\"BreadcrumbList\",\"@id\":\"https:\/\/majurigroup.fi\/index.php\/teollisuuden-keskusimurijarjestelmat\/#breadcrumb\",\"itemListElement\":[{\"@type\":\"ListItem\",\"position\":1,\"name\":\"Etusivu\",\"item\":\"https:\/\/majurigroup.fi\/\"},{\"@type\":\"ListItem\",\"position\":2,\"name\":\"TEOLLISUUDEN KESKUSIMURIJ\u00c4RJESTELM\u00c4T\"}]},{\"@type\":\"WebSite\",\"@id\":\"https:\/\/majurigroup.fi\/#website\",\"url\":\"https:\/\/majurigroup.fi\/\",\"name\":\"Majuri Group Oy\",\"description\":\"P\u00f6lyn- ja purunpoistoj\u00e4rjestelm\u00e4t, teollisuuden keskusimurij\u00e4rjestelm\u00e4t sek\u00e4 erilaiset materiaalinsiirtoj\u00e4rjestelm\u00e4t teollisuuteen.\",\"publisher\":{\"@id\":\"https:\/\/majurigroup.fi\/#organization\"},\"potentialAction\":[{\"@type\":\"SearchAction\",\"target\":{\"@type\":\"EntryPoint\",\"urlTemplate\":\"https:\/\/majurigroup.fi\/?s={search_term_string}\"},\"query-input\":{\"@type\":\"PropertyValueSpecification\",\"valueRequired\":true,\"valueName\":\"search_term_string\"}}],\"inLanguage\":\"fi\"},{\"@type\":\"Organization\",\"@id\":\"https:\/\/majurigroup.fi\/#organization\",\"name\":\"Majuri Group Oy\",\"url\":\"https:\/\/majurigroup.fi\/\",\"logo\":{\"@type\":\"ImageObject\",\"inLanguage\":\"fi\",\"@id\":\"https:\/\/majurigroup.fi\/#\/schema\/logo\/image\/\",\"url\":\"https:\/\/majurigroup.fi\/wp-content\/uploads\/2026\/01\/logo.jpg\",\"contentUrl\":\"https:\/\/majurigroup.fi\/wp-content\/uploads\/2026\/01\/logo.jpg\",\"width\":2275,\"height\":940,\"caption\":\"Majuri Group Oy\"},\"image\":{\"@id\":\"https:\/\/majurigroup.fi\/#\/schema\/logo\/image\/\"},\"sameAs\":[\"https:\/\/www.linkedin.com\/company\/110235069\"]}]}<\/script>\n<!-- \/ Yoast SEO plugin. -->","yoast_head_json":{"title":"TEOLLISUUDEN KESKUSIMURIJ\u00c4RJESTELM\u00c4T - Majuri Group Oy","description":"Teollisuuden keskusimurij\u00e4rjestelm\u00e4t modulaarisina kokonaisuuksina asiakkaiden prosessien ja kapasiteettivaatimuksien mukaisesti.","robots":{"index":"index","follow":"follow","max-snippet":"max-snippet:-1","max-image-preview":"max-image-preview:large","max-video-preview":"max-video-preview:-1"},"canonical":"https:\/\/majurigroup.fi\/index.php\/teollisuuden-keskusimurijarjestelmat\/","og_locale":"fi_FI","og_type":"article","og_title":"Teollisuuden keskusimurij\u00e4rjestelm\u00e4t","og_description":"Teollisuuden keskusimurij\u00e4rjestelm\u00e4t modulaarisina kokonaisuuksina","og_url":"https:\/\/majurigroup.fi\/index.php\/teollisuuden-keskusimurijarjestelmat\/","og_site_name":"Majuri Group Oy","article_modified_time":"2026-01-06T20:54:51+00:00","og_image":[{"width":1200,"height":628,"url":"https:\/\/majurigroup.fi\/wp-content\/uploads\/2026\/01\/teollisuuden-keskusimurijarjestelmat.jpg","type":"image\/jpeg"}],"twitter_card":"summary_large_image","twitter_misc":{"Arvioitu lukuaika":"2 minuuttia"},"schema":{"@context":"https:\/\/schema.org","@graph":[{"@type":"WebPage","@id":"https:\/\/majurigroup.fi\/index.php\/teollisuuden-keskusimurijarjestelmat\/","url":"https:\/\/majurigroup.fi\/index.php\/teollisuuden-keskusimurijarjestelmat\/","name":"TEOLLISUUDEN KESKUSIMURIJ\u00c4RJESTELM\u00c4T - Majuri Group Oy","isPartOf":{"@id":"https:\/\/majurigroup.fi\/#website"},"primaryImageOfPage":{"@id":"https:\/\/majurigroup.fi\/index.php\/teollisuuden-keskusimurijarjestelmat\/#primaryimage"},"image":{"@id":"https:\/\/majurigroup.fi\/index.php\/teollisuuden-keskusimurijarjestelmat\/#primaryimage"},"thumbnailUrl":"https:\/\/majurigroup.fi\/wp-content\/uploads\/2025\/12\/Keskusimurijarjestelma-1024x768.jpg","datePublished":"2025-12-18T19:25:54+00:00","dateModified":"2026-01-06T20:54:51+00:00","description":"Teollisuuden keskusimurij\u00e4rjestelm\u00e4t modulaarisina kokonaisuuksina asiakkaiden prosessien ja kapasiteettivaatimuksien mukaisesti.","breadcrumb":{"@id":"https:\/\/majurigroup.fi\/index.php\/teollisuuden-keskusimurijarjestelmat\/#breadcrumb"},"inLanguage":"fi","potentialAction":[{"@type":"ReadAction","target":["https:\/\/majurigroup.fi\/index.php\/teollisuuden-keskusimurijarjestelmat\/"]}]},{"@type":"ImageObject","inLanguage":"fi","@id":"https:\/\/majurigroup.fi\/index.php\/teollisuuden-keskusimurijarjestelmat\/#primaryimage","url":"https:\/\/majurigroup.fi\/wp-content\/uploads\/2025\/12\/Keskusimurijarjestelma.jpg","contentUrl":"https:\/\/majurigroup.fi\/wp-content\/uploads\/2025\/12\/Keskusimurijarjestelma.jpg","width":1600,"height":1200},{"@type":"BreadcrumbList","@id":"https:\/\/majurigroup.fi\/index.php\/teollisuuden-keskusimurijarjestelmat\/#breadcrumb","itemListElement":[{"@type":"ListItem","position":1,"name":"Etusivu","item":"https:\/\/majurigroup.fi\/"},{"@type":"ListItem","position":2,"name":"TEOLLISUUDEN KESKUSIMURIJ\u00c4RJESTELM\u00c4T"}]},{"@type":"WebSite","@id":"https:\/\/majurigroup.fi\/#website","url":"https:\/\/majurigroup.fi\/","name":"Majuri Group Oy","description":"P\u00f6lyn- ja purunpoistoj\u00e4rjestelm\u00e4t, teollisuuden keskusimurij\u00e4rjestelm\u00e4t sek\u00e4 erilaiset materiaalinsiirtoj\u00e4rjestelm\u00e4t teollisuuteen.","publisher":{"@id":"https:\/\/majurigroup.fi\/#organization"},"potentialAction":[{"@type":"SearchAction","target":{"@type":"EntryPoint","urlTemplate":"https:\/\/majurigroup.fi\/?s={search_term_string}"},"query-input":{"@type":"PropertyValueSpecification","valueRequired":true,"valueName":"search_term_string"}}],"inLanguage":"fi"},{"@type":"Organization","@id":"https:\/\/majurigroup.fi\/#organization","name":"Majuri Group Oy","url":"https:\/\/majurigroup.fi\/","logo":{"@type":"ImageObject","inLanguage":"fi","@id":"https:\/\/majurigroup.fi\/#\/schema\/logo\/image\/","url":"https:\/\/majurigroup.fi\/wp-content\/uploads\/2026\/01\/logo.jpg","contentUrl":"https:\/\/majurigroup.fi\/wp-content\/uploads\/2026\/01\/logo.jpg","width":2275,"height":940,"caption":"Majuri Group Oy"},"image":{"@id":"https:\/\/majurigroup.fi\/#\/schema\/logo\/image\/"},"sameAs":["https:\/\/www.linkedin.com\/company\/110235069"]}]}},"_links":{"self":[{"href":"https:\/\/majurigroup.fi\/index.php\/wp-json\/wp\/v2\/pages\/584","targetHints":{"allow":["GET"]}}],"collection":[{"href":"https:\/\/majurigroup.fi\/index.php\/wp-json\/wp\/v2\/pages"}],"about":[{"href":"https:\/\/majurigroup.fi\/index.php\/wp-json\/wp\/v2\/types\/page"}],"author":[{"embeddable":true,"href":"https:\/\/majurigroup.fi\/index.php\/wp-json\/wp\/v2\/users\/2"}],"replies":[{"embeddable":true,"href":"https:\/\/majurigroup.fi\/index.php\/wp-json\/wp\/v2\/comments?post=584"}],"version-history":[{"count":33,"href":"https:\/\/majurigroup.fi\/index.php\/wp-json\/wp\/v2\/pages\/584\/revisions"}],"predecessor-version":[{"id":747,"href":"https:\/\/majurigroup.fi\/index.php\/wp-json\/wp\/v2\/pages\/584\/revisions\/747"}],"wp:attachment":[{"href":"https:\/\/majurigroup.fi\/index.php\/wp-json\/wp\/v2\/media?parent=584"}],"curies":[{"name":"wp","href":"https:\/\/api.w.org\/{rel}","templated":true}]}}